{"id":7723,"date":"2021-03-10T10:14:22","date_gmt":"2021-03-10T09:14:22","guid":{"rendered":"https:\/\/blusurvey.myfast.it\/privacy-policy\/"},"modified":"2025-04-15T12:52:57","modified_gmt":"2025-04-15T10:52:57","slug":"privacy-policy","status":"publish","type":"page","link":"https:\/\/blu-survey.com\/it\/privacy-policy\/","title":{"rendered":"Privacy Policy"},"content":{"rendered":"<style>.elementor-7723 .elementor-element.elementor-element-37a718bc{--spacer-size:40px;}.elementor-7723 .elementor-element.elementor-element-1657e314 .elementor-heading-title{font-size:25px;font-weight:700;}.elementor-7723 .elementor-element.elementor-element-33fe989f{--spacer-size:50px;}:root{--page-title-display:none;}<\/style>\t\t<div data-elementor-type=\"wp-page\" data-elementor-id=\"7723\" class=\"elementor elementor-7723\" data-elementor-post-type=\"page\">\n\t\t\t\t\t\t<section class=\"elementor-section elementor-top-section elementor-element elementor-element-31ceed62 elementor-section-boxed elementor-section-height-default elementor-section-height-default\" data-id=\"31ceed62\" data-element_type=\"section\">\n\t\t\t\t\t\t<div class=\"elementor-container elementor-column-gap-default\">\n\t\t\t\t\t<div class=\"elementor-column elementor-col-100 elementor-top-column elementor-element elementor-element-127dcd91\" data-id=\"127dcd91\" data-element_type=\"column\">\n\t\t\t<div class=\"elementor-widget-wrap elementor-element-populated\">\n\t\t\t\t\t\t<div class=\"elementor-element elementor-element-37a718bc elementor-widget elementor-widget-spacer\" data-id=\"37a718bc\" data-element_type=\"widget\" data-widget_type=\"spacer.default\">\n\t\t\t\t<div class=\"elementor-widget-container\">\n\t\t\t\t\t\t\t<div class=\"elementor-spacer\">\n\t\t\t<div class=\"elementor-spacer-inner\"><\/div>\n\t\t<\/div>\n\t\t\t\t\t\t<\/div>\n\t\t\t\t<\/div>\n\t\t\t\t\t<\/div>\n\t\t<\/div>\n\t\t\t\t\t<\/div>\n\t\t<\/section>\n\t\t\t\t<section class=\"elementor-section elementor-top-section elementor-element elementor-element-10a778b1 elementor-section-boxed elementor-section-height-default elementor-section-height-default\" data-id=\"10a778b1\" data-element_type=\"section\">\n\t\t\t\t\t\t<div class=\"elementor-container elementor-column-gap-default\">\n\t\t\t\t\t<div class=\"elementor-column elementor-col-100 elementor-top-column elementor-element elementor-element-482620b9\" data-id=\"482620b9\" data-element_type=\"column\">\n\t\t\t<div class=\"elementor-widget-wrap elementor-element-populated\">\n\t\t\t\t\t\t<div class=\"elementor-element elementor-element-1657e314 elementor-widget elementor-widget-heading\" data-id=\"1657e314\" data-element_type=\"widget\" data-widget_type=\"heading.default\">\n\t\t\t\t<div class=\"elementor-widget-container\">\n\t\t\t\t\t<h1 class=\"elementor-heading-title elementor-size-default\">Privacy Policy<\/h1>\t\t\t\t<\/div>\n\t\t\t\t<\/div>\n\t\t\t\t\t<\/div>\n\t\t<\/div>\n\t\t\t\t\t<\/div>\n\t\t<\/section>\n\t\t\t\t<section class=\"elementor-section elementor-top-section elementor-element elementor-element-9562ba7 elementor-section-boxed elementor-section-height-default elementor-section-height-default\" data-id=\"9562ba7\" data-element_type=\"section\">\n\t\t\t\t\t\t<div class=\"elementor-container elementor-column-gap-default\">\n\t\t\t\t\t<div class=\"elementor-column elementor-col-100 elementor-top-column elementor-element elementor-element-578e0444\" data-id=\"578e0444\" data-element_type=\"column\">\n\t\t\t<div class=\"elementor-widget-wrap elementor-element-populated\">\n\t\t\t\t\t\t<div class=\"elementor-element elementor-element-5e87a830 elementor-widget elementor-widget-text-editor\" data-id=\"5e87a830\" data-element_type=\"widget\" data-widget_type=\"text-editor.default\">\n\t\t\t\t<div class=\"elementor-widget-container\">\n\t\t\t\t\t\t\t\t\t<p><b>Premessa<\/b><\/p><p><span style=\"font-weight: 400;\">Il presente documento disciplina il trattamento dei dati personali delle persone fisiche che ricevono un servizio dal Titolare del trattamento, come di seguito definito, nell\u2019ambito di un rapporto commerciale con lo stesso (di seguito, \u201c<\/span><b>Interessati al trattamento<\/b><span style=\"font-weight: 400;\">\u201d). I dati personali relativi agli Interessati al trattamento di cui il Titolare del trattamento viene a conoscenza (di seguito, \u201c<\/span><b>Dati Personali<\/b><span style=\"font-weight: 400;\">\u201d) sono trattati in conformit\u00e0 al Regolamento (UE) 2016\/679 sul trattamento dei dati personali (di seguito, \u201c<\/span><b>Regolamento Privacy<\/b><span style=\"font-weight: 400;\">\u201d o <\/span><b>\u201cGDPR\u201d<\/b><span style=\"font-weight: 400;\">), alle misure legislative nazionali adottate in esecuzione del Regolamento Privacy, ai provvedimenti e codici di condotta emanati dal Comitato europeo per la protezione dei dati e dal Garante italiano per la protezione dei dati personali e da ogni altra previsione normativa in vigore e\/o che dovesse essere successivamente emanata (di seguito, collettivamente, la \u201c<\/span><b>Normativa Privacy<\/b><span style=\"font-weight: 400;\">\u201d).\u00a0<\/span><b><\/b><\/p><p><b>Definizioni<\/b><\/p><p><b><i>Dati Personali<\/i><\/b><b>: <\/b><span style=\"font-weight: 400;\">sono i dati relativi a persone fisiche comunicati alla Societ\u00e0. A titolo esemplificativo ma non esaustivo: nome, cognome, luogo e data di nascita, indirizzo di residenza e domicilio, sede del luogo di lavoro, ragione sociale, numero di partita IVA, codice fiscale, numero di telefono fisso o mobile, numero di fax, indirizzo di posta elettronica, indirizzo PEC, societ\u00e0 datrice di lavoro, ruolo e\/o inquadramento aziendale, coordinate bancarie, ecc. Si precisa che i Dati Personali potranno essere relativi alle persone fisiche legate all\u2019Ente e dei soggetti ad esso collegati (e.g. clienti, fornitori, dipendenti ecc.)<\/span><\/p><p><b><i>Dati particolari<\/i><\/b><b>: <\/b><span style=\"font-weight: 400;\">i dati relativi a condanne penali e reati: si tratta dei dati c.d. &#8220;giudiziari&#8221;, cio\u00e8 quelli che possono rivelare l&#8217;esistenza di determinati provvedimenti giudiziari soggetti ad iscrizione nel casellario giudiziale (ad esempio, i provvedimenti penali di condanna definitivi, la liberazione condizionale, il divieto od obbligo di soggiorno, le misure alternative alla detenzione) o la qualit\u00e0 di imputato o di indagato.<\/span><\/p><p><b><i>Titolare del trattamento: <\/i><\/b><span style=\"font-weight: 400;\">persona fisica o giuridica, l&#8217;autorit\u00e0 pubblica, il servizio o altro organismo che, singolarmente o insieme ad altri, determina le finalit\u00e0 e i mezzi del trattamento di dati personali.<\/span><\/p><p><b><i>Interessato del trattamento: <\/i><\/b><span style=\"font-weight: 400;\">la persona fisica cui si riferiscono i dati personali oggetto di trattamento<\/span><b><i>.\u00a0<\/i><\/b><\/p><ul><li aria-level=\"1\"><h5><b>Quali dati sono raccolti e in che modo<\/b><\/h5><\/li><\/ul><p><b><i>Dati oggetto del trattamento e modalit\u00e0 di acquisizione<\/i><\/b><\/p><p><b><i>BLUSURVEY SRL<\/i><\/b><span style=\"font-weight: 400;\">\u00a0tratta i Suoi dati personali da Lei volontariamente forniti (verbalmente, tramite biglietto da visita, e-mail, consegna di documenti, attraverso il sito web del Titolare, ecc.).<\/span><\/p><p><span style=\"font-weight: 400;\">La Societ\u00e0 tratter\u00e0 i suoi dati personali in conformit\u00e0 al GDPR, assumendo che siano riferiti a Lei, alla Sua azienda o a terzi soggetti, anche Suoi familiari, che hanno espressamente autorizzato Lei a conferirli in base a un\u2019idonea base giuridica che legittima il trattamento dei dati in questione. Rispetto a tali ipotesi, Lei si pone come autonomo Titolare del trattamento, assumendosi tutti gli obblighi e le responsabilit\u00e0 di legge conseguenti.\u00a0<\/span><\/p><p><span style=\"font-weight: 400;\">In tal senso, Lei si impegna a manlevare e tenere indenne <b><i>BLUSURVEY SRL<\/i><\/b>\u00a0da ogni contestazione, azione o pretesa avanzata nei confronti della Stessa da terzi soggetti i cui dati personali siano stati trattati su Sua richiesta e\/o in esecuzione del mandato conferitoLe.<\/span><\/p><p><b><i>Modalit\u00e0 di trattamento<\/i><\/b><\/p><p><span style=\"font-weight: 400;\">La raccolta e il trattamento dei Suoi dati personali da parte del Titolare avviene nel rispetto dei principi di liceit\u00e0, correttezza e trasparenza e in maniera da garantirne un\u2019adeguata sicurezza, compresa la protezione, mediante misure tecniche e organizzative adeguate, da trattamenti non autorizzati o illeciti e dalla perdita, dalla distruzione o dal danno accidentali.<\/span><\/p><p><span style=\"font-weight: 400;\">I dati raccolti saranno trattati mediante strumenti elettronici o comunque automatizzati, informatici e telematici, o mediante strumenti cartacei, con logiche strettamente correlate alle finalit\u00e0 per le quali tali dati sono stati raccolti e, comunque, in modo da garantirne in ogni caso la sicurezza e per il tempo strettamente necessario a conseguire gli scopi per cui sono stati raccolti, fatta salva la necessit\u00e0 di conservare i dati per rispondere agli obblighi previsti dalla normativa vigente anche successivamente alla cessazione delle operazioni di trattamento o fino al tempo permesso dalla legge italiana a tutela degli interessi del Titolare.<\/span><\/p><p><span style=\"font-weight: 400;\">Si prega di consultare la nostra pagina dedicata ai <\/span><span style=\"font-weight: 400;\">cookies<\/span><span style=\"font-weight: 400;\">.<\/span><\/p><p><span style=\"font-weight: 400;\">Maggiori informazioni sulle modalit\u00e0 di trattamento e i tempi di conservazione dei suoi Dati Personali potranno essere ottenute scrivendo alla Societ\u00e0 ai recapiti indicati al seguente <\/span><b>punto 4.<\/b><span style=\"font-weight: 400;\">\u00a0<\/span><\/p><ul><li aria-level=\"1\"><h5><b>Chi pu\u00f2 ricevere, elaborare o utilizzare i dati personali<\/b><\/h5><\/li><\/ul><p><b><i>\u00a0Titolare del Trattamento<\/i><\/b><\/p><p><span style=\"font-weight: 400;\">Titolare del Trattamento dei dati ai sensi della Normativa Privacy \u00e8 <b><i>BLUSURVEY SRL<\/i><\/b><\/span><\/p><div class=\"elementskit-infobox text-left text-left icon-lef-right-aligin elementor-animation- media \"><div class=\"box-body\"><p><em><strong>Via Lemonia, 58 &#8211; 40133 Bologna<\/strong><\/em><\/p><\/div><\/div><div class=\"elementskit-infobox text- text-left icon-lef-right-aligin elementor-animation- media \"><div class=\"box-body\"><p><em><strong>a.panti@blu-survey.com<\/strong><\/em><br \/><em><strong>s.carletti@blu-survey.com<\/strong><\/em><\/p><\/div><\/div><div class=\"elementskit-infobox text- text-left icon-lef-right-aligin elementor-animation- media \"><div class=\"box-body\"><p><em><strong>+39 051 998 9531<\/strong><\/em><\/p><p><em><strong>P.IVA: 04088931201<\/strong><\/em><\/p><\/div><\/div><p><b><i>\u00a0Responsabili del Trattamento e altri soggetti cui sono comunicati i Dati Personali<\/i><\/b><\/p><p><span style=\"font-weight: 400;\">Ferme restando le comunicazioni eseguite in adempimento di obblighi di legge e\/o contrattuali, tutti i Suoi dati raccolti ed elaborati potranno essere condivisi, esclusivamente per le finalit\u00e0 sotto specificate, con le seguenti categorie di destinatari:<\/span><\/p><ul><li style=\"font-weight: 400;\" aria-level=\"1\"><span style=\"font-weight: 400;\">dipendenti e collaboratori del Titolare, nella loro qualit\u00e0 di persone autorizzate al trattamento dei dati personali, che si siano impegnati alla riservatezza o abbiano un adeguato obbligo legale di riservatezza;<\/span><\/li><li style=\"font-weight: 400;\" aria-level=\"1\"><span style=\"font-weight: 400;\">persone, societ\u00e0, studi professionali o altri soggetti terzi con i quali il Titolare intrattiene rapporti necessari allo svolgimento della propria attivit\u00e0 per le finalit\u00e0 sopra indicate o per obbligo di legge, a quali \u00e8 stato affidato specifico mandato e per il tempo necessario a conseguire gli scopi per cui i dati sono stati raccolti, che agiscono tipicamente in qualit\u00e0 di Responsabili del trattamento della Societ\u00e0;<\/span><\/li><li style=\"font-weight: 400;\" aria-level=\"1\"><span style=\"font-weight: 400;\">Autorit\u00e0 giurisdizionali o di vigilanza, amministrazioni, enti ed organismi pubblici, nell\u2019esercizio delle loro funzioni.<\/span><\/li><\/ul><p><span style=\"font-weight: 400;\">Il Titolare assicura che il trattamento dei Suoi dati personali da parte dei destinatari sopra indicati avviene nel rispetto della normativa vigente.<\/span><\/p><p><span style=\"font-weight: 400;\">Senza la necessit\u00e0 di un espresso consenso il Titolare potr\u00e0 comunicare i Suoi dati per le finalit\u00e0 sopra elencate a Organismi di vigilanza, Autorit\u00e0 giudiziarie, societ\u00e0 di assicurazione per la prestazione di servizi assicurativi, banche e istituti di credito, consulenti e professionisti, terzi in genere, tra cui piattaforme che offrono servizi di archiviazione e scambio dati da Lei specificatamente indicate, nonch\u00e9 a quei soggetti ai quali la comunicazione sia un obbligo legale o contrattuale oppure sia evasione di una Sua specifica richiesta, con la precisazione che detti soggetti tratteranno i dati nella loro qualit\u00e0 di autonomi titolari del trattamento.<\/span><\/p><p><b>Luogo di trattamento dei dati ed eventuali trasferimenti<\/b><\/p><p><span style=\"font-weight: 400;\">Il trattamento dei Dati Personali ha luogo presso la sede della Societ\u00e0, cos\u00ec come indicata al <\/span><b>punto 4 <\/b><span style=\"font-weight: 400;\">del presente documento ed \u00e8 curato dal personale della Societ\u00e0 incaricato del trattamento. I Dati Personali non sono diffusi.<\/span><br \/><b><\/b><\/p><p><b>Base giuridica e Finalit\u00e0 del trattamento<\/b><\/p><p><span style=\"font-weight: 400;\">I Suoi dati personali saranno trattati per le finalit\u00e0 e relative basi giuridiche riassunte nel seguente schema.<\/span><\/p><table><tbody><tr><td><p><b>SEZ. E TIPO<\/b><\/p><\/td><td><p><b>FINALIT\u00c0<\/b><\/p><\/td><td><p><b>BASE GIURIDICA<\/b><\/p><\/td><\/tr><tr><td rowspan=\"3\"><p><b>Sezione I- Dati trattati <\/b><b>senza consenso esplicito<\/b><\/p><\/td><td><p><span style=\"font-weight: 400;\">Adempiere agli obblighi precontrattuali e contrattuali derivanti dal conferimento di un incarico professionale; nonch\u00e9 per soddisfare ogni altra richiesta formulata dal cliente; acquisire informazioni preliminari alla conclusione del contratto; adempiere agli obblighi derivanti dal contratto concluso; Fornire un servizio o permettere la fornitura dello stesso a <em><strong>BLUSURVEY SRL<\/strong><\/em><\/span><\/p><\/td><td><p><span style=\"font-weight: 400;\">L\u2019esecuzione di un contratto di cui Lei o la societ\u00e0 da lei rappresentata \u00e8 parte o l\u2019esecuzione di misure precontrattuali adottate su Sua richiesta, pertanto l\u2019esecuzione di obblighi precontrattuali e contrattuali rispetto a rapporti giuridici con Lei costituiti e\/o costituendi <\/span><b><i>(articolo 6, par 1, lettera b) GDPR).<\/i><\/b><\/p><\/td><\/tr><tr><td><p><span style=\"font-weight: 400;\">Finalit\u00e0 amministrative e gestionali e per l\u2019adempimento di obblighi previsti dalla legge (quali ad esempio quelli di natura contabile e fiscale o in materia di antiriciclaggio), da un regolamento, dalla normativa comunitaria o da un ordine dell\u2019Autorit\u00e0, a cui il Titolare \u00e8 soggetto;<\/span><\/p><\/td><td><p><span style=\"font-weight: 400;\">Adempimento ad un obbligo legale al quale \u00e8 soggetto il Titolare del trattamento <\/span><b><i>(articoli 6, par 1, lettera c) e 10 GDPR).<\/i><\/b><\/p><\/td><\/tr><tr><td><p><span style=\"font-weight: 400;\">Finalit\u00e0 necessarie ad accertare, esercitare o difendere un diritto in sede giudiziaria o ogniqualvolta le Autorit\u00e0 giurisdizionali esercitino le loro funzioni giurisdizionali;<\/span><\/p><\/td><td><p><span style=\"font-weight: 400;\">Perseguimento del legittimo interesse del Titolare del trattamento <\/span><b><i>(articolo 6, par 1, lettera f), GDPR).<\/i><\/b><\/p><\/td><\/tr><tr><td><p><b>Sezione II- Dati<\/b><\/p><p><b>\u00a0a conferimento <\/b><b>facoltativo<\/b><\/p><\/td><td><ol><li style=\"font-weight: 400;\" aria-level=\"1\"><span style=\"font-weight: 400;\">Loghi dell\u2019Ente e dati personali dei dipendenti dell\u2019Ente per finalit\u00e0 pubblicitarie<\/span><\/li><li style=\"font-weight: 400;\" aria-level=\"1\"><span style=\"font-weight: 400;\">Utilizzo di dati anonimi in forma aggregata per finalit\u00e0 statistiche,\u00a0<\/span><\/li><\/ol><\/td><td><p><span style=\"font-weight: 400;\">L&#8217;interessato ha espresso il consenso al trattamento dei propri dati personali o dell\u2019Ente rappresentato per una o pi\u00f9 specifiche finalit\u00e0; perseguimento del legittimo interesse del Titolare del trattamento <\/span><b><i>(articolo 6, par 1, lettera a), GDPR).<\/i><\/b><\/p><\/td><\/tr><\/tbody><\/table><p><span style=\"font-weight: 400;\">Il conferimento dei Suoi dati personali o <\/span><span style=\"font-weight: 400;\">dell\u2019Ente da Lei rappresentato<\/span><span style=\"font-weight: 400;\"> per le finalit\u00e0 indicate alla <\/span><b>Sezione I) della precedente Tabella \u00e8 obbligatorio<\/b><span style=\"font-weight: 400;\">. L\u2019eventuale mancato, parziale o inesatto conferimento dei dati e\/o l\u2019eventuale espresso rifiuto al loro trattamento, comporter\u00e0 l\u2019impossibilit\u00e0 per il Titolare di dare seguito alle Sue richieste, di adempiere agli obblighi contrattuali derivanti dal mandato conferitogli o da un obbligo di legge a cui il Titolare \u00e8 soggetto o alle richieste delle Autorit\u00e0 competenti.<\/span><\/p><p><span style=\"font-weight: 400;\">Il conferimento dei dati per le finalit\u00e0 indicate alla <\/span><b>Sezione II) della precedente Tabella \u00e8 facoltativo<\/b><span style=\"font-weight: 400;\">, con la conseguenza che Lei potr\u00e0 decidere di non fornire il Suo consenso, o di revocarlo in qualsiasi momento dopo il conferimento.<\/span><\/p><p><b>In occasione del trattamento dei Suoi dati personali, o dell\u2019Ente da Lei rappresentato, per le finalit\u00e0 illustrate alla Sezione I) della Tabella di cui sopra, la Societ\u00e0 potrebbe venire a conoscenza di categorie particolari di dati personali.<\/b><span style=\"font-weight: 400;\"> Per queste ragioni, Le chiediamo di prestare per iscritto il Suo consenso esplicito al trattamento di tali dati, precisando che Lei avr\u00e0 il diritto di revocare il consenso in qualsiasi momento senza pregiudicare la liceit\u00e0 del trattamento basata sul consenso prestato prima della revoca.<\/span><\/p><p><b>Conservazione e trasferimento dei dati<\/b><\/p><p><span style=\"font-weight: 400;\">I Suoi dati personali sono conservati su server ubicati presso la sede del Titolare indicata al punto 4, all\u2019interno dell\u2019Unione Europea.\u00a0<\/span><\/p><p><span style=\"font-weight: 400;\">Resta in ogni caso inteso che il Titolare, ove si rendesse necessario, avr\u00e0 facolt\u00e0 di spostare i server anche extra-UE. In tal caso, il Titolare assicura sin d\u2019ora che il trasferimento dei dati nei paesi extra-UE avverr\u00e0 in conformit\u00e0 alle disposizioni di legge applicabili.<\/span><\/p><p><b>I diritti degli Interessati al trattamento<\/b><\/p><p><span style=\"font-weight: 400;\">In conformit\u00e0 a quanto previsto dal GDPR, Lei ha il diritto di esercitare i seguenti diritti:<\/span><\/p><ol><li style=\"font-weight: 400;\" aria-level=\"1\"><span style=\"font-weight: 400;\">diritto di accesso\u00a0\u2013 ottenere conferma che sia o meno in corso un trattamento di dati personali che La riguardano e, in tal caso, ricevere informazioni relative, in particolare, a: finalit\u00e0 del trattamento, categorie di dati personali trattati e periodo di conservazione, destinatari a cui i dati possono essere comunicati (articolo 15, GDPR);<\/span><\/li><li style=\"font-weight: 400;\" aria-level=\"1\"><span style=\"font-weight: 400;\">diritto di rettifica\u00a0\u2013 ottenere, senza ingiustificato ritardo, la rettifica dei dati personali inesatti che La riguardano e l\u2019integrazione dei dati personali incompleti (articolo 16, GDPR);<\/span><\/li><li style=\"font-weight: 400;\" aria-level=\"1\"><span style=\"font-weight: 400;\">diritto alla cancellazione\u00a0\u2013 ottenere, senza ingiustificato ritardo, la cancellazione dei dati personali che La riguardano, nei casi previsti dal GDPR (articolo 17, GDPR);<\/span><\/li><li style=\"font-weight: 400;\" aria-level=\"1\"><span style=\"font-weight: 400;\">diritto di limitazione\u00a0\u2013 ottenere dal Titolare la limitazione del trattamento dei dati, nei casi previsti dal GDPR (articolo 18, GDPR);<\/span><\/li><li style=\"font-weight: 400;\" aria-level=\"1\"><span style=\"font-weight: 400;\">diritto alla portabilit\u00e0\u00a0\u2013 ricevere in un formato strutturato, di uso comune e leggibile da un dispositivo automatico, i dati personali che La riguardano forniti al Titolare, nonch\u00e9 ottenere che gli stessi siano trasmessi ad altro titolare senza impedimenti, nei casi previsti dal GDPR (articolo 20, GDPR);<\/span><\/li><li style=\"font-weight: 400;\" aria-level=\"1\"><span style=\"font-weight: 400;\">diritto di opposizione\u00a0\u2013 opporsi al trattamento dei dati personali che La riguardano, salvo che sussistano motivi legittimi per il Titolare di continuare il trattamento (articolo 21, GDPR);<\/span><\/li><li style=\"font-weight: 400;\" aria-level=\"1\"><span style=\"font-weight: 400;\">diritto di revocare il consenso in qualsiasi momento senza pregiudicare la liceit\u00e0 del trattamento basata sul consenso prestato prima della revoca;<\/span><\/li><li style=\"font-weight: 400;\" aria-level=\"1\"><span style=\"font-weight: 400;\">diritto di proporre reclamo all\u2019autorit\u00e0 di controllo\u00a0\u2013 proporre reclamo all\u2019Autorit\u00e0 Garante per la protezione dei dati personali, con sede in Piazza di Montecitorio n. 121, 00186, Roma (RM).<\/span><\/li><\/ol>\t\t\t\t\t\t\t\t<\/div>\n\t\t\t\t<\/div>\n\t\t\t\t\t<\/div>\n\t\t<\/div>\n\t\t\t\t\t<\/div>\n\t\t<\/section>\n\t\t\t\t<section class=\"elementor-section elementor-top-section elementor-element elementor-element-3dfa04c7 elementor-section-boxed elementor-section-height-default elementor-section-height-default\" data-id=\"3dfa04c7\" data-element_type=\"section\">\n\t\t\t\t\t\t<div class=\"elementor-container elementor-column-gap-default\">\n\t\t\t\t\t<div class=\"elementor-column elementor-col-100 elementor-top-column elementor-element elementor-element-1435d574\" data-id=\"1435d574\" data-element_type=\"column\">\n\t\t\t<div class=\"elementor-widget-wrap elementor-element-populated\">\n\t\t\t\t\t\t<div class=\"elementor-element elementor-element-33fe989f elementor-widget elementor-widget-spacer\" data-id=\"33fe989f\" data-element_type=\"widget\" data-widget_type=\"spacer.default\">\n\t\t\t\t<div class=\"elementor-widget-container\">\n\t\t\t\t\t\t\t<div class=\"elementor-spacer\">\n\t\t\t<div class=\"elementor-spacer-inner\"><\/div>\n\t\t<\/div>\n\t\t\t\t\t\t<\/div>\n\t\t\t\t<\/div>\n\t\t\t\t\t<\/div>\n\t\t<\/div>\n\t\t\t\t\t<\/div>\n\t\t<\/section>\n\t\t\t\t<\/div>\n\t\t","protected":false},"excerpt":{"rendered":"<p>Privacy Policy Premessa Il presente documento disciplina il trattamento dei dati personali delle persone fisiche che ricevono un servizio dal Titolare del trattamento, come di seguito definito, nell\u2019ambito di un rapporto commerciale con lo stesso (di seguito, \u201cInteressati al trattamento\u201d). I dati personali relativi agli Interessati al trattamento di cui il Titolare del trattamento viene [&hellip;]<\/p>\n","protected":false},"author":2,"featured_media":0,"parent":0,"menu_order":0,"comment_status":"closed","ping_status":"closed","template":"","meta":{"footnotes":""},"class_list":["post-7723","page","type-page","status-publish","hentry"],"_links":{"self":[{"href":"https:\/\/blu-survey.com\/it\/wp-json\/wp\/v2\/pages\/7723","targetHints":{"allow":["GET"]}}],"collection":[{"href":"https:\/\/blu-survey.com\/it\/wp-json\/wp\/v2\/pages"}],"about":[{"href":"https:\/\/blu-survey.com\/it\/wp-json\/wp\/v2\/types\/page"}],"author":[{"embeddable":true,"href":"https:\/\/blu-survey.com\/it\/wp-json\/wp\/v2\/users\/2"}],"replies":[{"embeddable":true,"href":"https:\/\/blu-survey.com\/it\/wp-json\/wp\/v2\/comments?post=7723"}],"version-history":[{"count":6,"href":"https:\/\/blu-survey.com\/it\/wp-json\/wp\/v2\/pages\/7723\/revisions"}],"predecessor-version":[{"id":7733,"href":"https:\/\/blu-survey.com\/it\/wp-json\/wp\/v2\/pages\/7723\/revisions\/7733"}],"wp:attachment":[{"href":"https:\/\/blu-survey.com\/it\/wp-json\/wp\/v2\/media?parent=7723"}],"curies":[{"name":"wp","href":"https:\/\/api.w.org\/{rel}","templated":true}]}}